{"id":3,"date":"2021-01-05T17:28:21","date_gmt":"2021-01-05T16:28:21","guid":{"rendered":"http:\/\/base-loisirs-dathee.com\/?page_id=3"},"modified":"2021-02-09T11:46:57","modified_gmt":"2021-02-09T10:46:57","slug":"politique-de-confidentialite","status":"publish","type":"page","link":"https:\/\/base-loisirs-dathee.com\/index.php\/politique-de-confidentialite\/","title":{"rendered":"Politique de confidentialit\u00e9"},"content":{"rendered":"\n<h2>Qui sommes-nous&nbsp;?<\/h2>\n\n\n\n<p>L\u2019adresse de notre site Web est&nbsp;: http:\/\/base-loisirs-dathee.com.<\/p>\n\n\n\n<h2>Utilisation des donn\u00e9es personnelles collect\u00e9es<\/h2>\n\n\n\n<h3>Commentaires<\/h3>\n\n\n\n<p>Quand vous lais\u00adsez un com\u00admen\u00adtaire sur notre site web, les don\u00adn\u00e9es inscrites dans le for\u00admu\u00adlaire de com\u00admen\u00adtaire, mais aus\u00adsi votre adresse IP et l\u2019agent util\u00adisa\u00adteur de votre nav\u00adi\u00adga\u00adteur sont col\u00adlec\u00adt\u00e9s pour nous aider \u00e0 la d\u00e9tec\u00adtion des com\u00admen\u00adtaires ind\u00e9sirables.<\/p>\n\n\n\n<p>Une cha\u00eene anonymis\u00e9e cr\u00e9\u00e9e \u00e0 par\u00adtir de votre adresse de mes\u00adsagerie (\u00e9gale\u00adment appel\u00e9e hash) peut \u00eatre envoy\u00e9e au ser\u00advice Gra\u00advatar pour v\u00e9ri\u00adfi\u00ader si vous utilisez ce dernier. Les claus\u00ades de con\u00adfi\u00adden\u00adtial\u00adit\u00e9 du ser\u00advice Gra\u00advatar sont disponibles ici&nbsp;: https:\/\/automattic.com\/privacy\/. Apr\u00e8s val\u00adi\u00adda\u00adtion de votre com\u00admen\u00adtaire, votre pho\u00adto de pro\u00adfil sera vis\u00adi\u00adble publique\u00adment \u00e0 cot\u00e9 de votre commentaire.<\/p>\n\n\n\n<h3>M\u00e9dias<\/h3>\n\n\n\n<p>Si vous \u00eates un util\u00adisa\u00adteur ou une util\u00adisatrice enregistr\u00e9\u00b7e et que vous t\u00e9l\u00e9\u00adversez des images sur le site web, nous vous con\u00adseil\u00adlons d\u2019\u00e9viter de t\u00e9l\u00e9\u00advers\u00ader des images con\u00adtenant des don\u00adn\u00e9es EXIF de coor\u00addon\u00adn\u00e9es GPS. Les vis\u00adi\u00adteurs de votre site web peu\u00advent t\u00e9l\u00e9charg\u00ader et extraire des don\u00adn\u00e9es de local\u00adi\u00adsa\u00adtion depuis ces images.<\/p>\n\n\n\n<h3>Formulaires de contact<\/h3>\n\n\n\n<h3>Cookies<\/h3>\n\n\n\n<p>Si vous d\u00e9posez un com\u00admen\u00adtaire sur notre site, il vous sera pro\u00adpos\u00e9 d\u2019enregistrer votre nom, adresse de mes\u00adsagerie et site web dans des cook\u00adies. C\u2019est unique\u00adment pour votre con\u00adfort afin de ne pas avoir \u00e0 saisir ces infor\u00adma\u00adtions si vous d\u00e9posez un autre com\u00admen\u00adtaire plus tard. Ces cook\u00adies expirent au bout d\u2019un&nbsp;an.<\/p>\n\n\n\n<p>Si vous vous ren\u00addez sur la page de con\u00adnex\u00adion, un cook\u00adie tem\u00adpo\u00adraire sera cr\u00e9\u00e9 afin de d\u00e9ter\u00admin\u00ader si votre nav\u00adi\u00adga\u00adteur accepte les cook\u00adies. Il ne con\u00adtient pas de don\u00adn\u00e9es per\u00adson\u00adnelles et sera sup\u00adprim\u00e9 automa\u00adtique\u00adment \u00e0 la fer\u00adme\u00adture de votre navigateur.<\/p>\n\n\n\n<p>Lorsque vous vous con\u00adnecterez, nous met\u00adtrons en place un cer\u00adtain nom\u00adbre de cook\u00adies pour enreg\u00adistr\u00ader vos infor\u00adma\u00adtions de con\u00adnex\u00adion et vos pr\u00e9f\u00e9rences d\u2019\u00e9cran. La dur\u00e9e de vie d\u2019un cook\u00adie de con\u00adnex\u00adion est de deux jours, celle d\u2019un cook\u00adie d\u2019option d\u2019\u00e9cran est d\u2019un an. Si vous cochez \u00ab&nbsp;Se sou\u00advenir de moi&nbsp;\u00bb, votre cook\u00adie de con\u00adnex\u00adion sera con\u00adserv\u00e9 pen\u00addant deux semaines. Si vous vous d\u00e9con\u00adnectez de votre compte, le cook\u00adie de con\u00adnex\u00adion sera effac\u00e9.<\/p>\n\n\n\n<p>En mod\u00adi\u00adfi\u00adant ou en pub\u00adliant une pub\u00adli\u00adca\u00adtion, un cook\u00adie sup\u00adpl\u00e9\u00admen\u00adtaire sera enreg\u00adistr\u00e9 dans votre nav\u00adi\u00adga\u00adteur. Ce cook\u00adie ne com\u00adprend aucune don\u00adn\u00e9e per\u00adson\u00adnelle. Il indique sim\u00adple\u00adment l\u2019ID de la pub\u00adli\u00adca\u00adtion que vous venez de mod\u00adi\u00adfi\u00ader. Il expire au bout d\u2019un&nbsp;jour.<\/p>\n\n\n\n<h3>Contenu embarqu\u00e9 depuis d\u2019autres sites<\/h3>\n\n\n\n<p>Les arti\u00adcles de ce site peu\u00advent inclure des con\u00adtenus int\u00e9\u00adgr\u00e9s (par exem\u00adple des vid\u00e9os, images, arti\u00adcles\u2026). Le con\u00adtenu int\u00e9\u00adgr\u00e9 depuis d\u2019autres sites se com\u00adporte de la m\u00eame mani\u00e8re que si le vis\u00adi\u00adteur se rendait sur cet autre&nbsp;site.<\/p>\n\n\n\n<p>Ces sites web pour\u00adraient col\u00adlecter des don\u00adn\u00e9es sur vous, utilis\u00ader des cook\u00adies, embar\u00adquer des out\u00adils de suiv\u00adis tiers, suiv\u00adre vos inter\u00adac\u00adtions avec ces con\u00adtenus embar\u00adqu\u00e9s si vous dis\u00adposez d\u2019un compte con\u00adnec\u00adt\u00e9 sur leur site&nbsp;web.<\/p>\n\n\n\n<h3>Statistiques et mesures d\u2019audience<\/h3>\n\n\n\n<h2>Utilisation et transmission de vos donn\u00e9es personnelles<\/h2>\n\n\n\n<h2>Dur\u00e9es de stockage de vos donn\u00e9es<\/h2>\n\n\n\n<p>Si vous lais\u00adsez un com\u00admen\u00adtaire, le com\u00admen\u00adtaire et ses m\u00e9ta\u00addon\u00adn\u00e9es sont con\u00adserv\u00e9s ind\u00e9fin\u00adi\u00adment. Cela per\u00admet de recon\u00adna\u00eetre et approu\u00adver automa\u00adtique\u00adment les com\u00admen\u00adtaires suiv\u00adants au lieu de les laiss\u00ader dans la file de mod\u00e9ration.<\/p>\n\n\n\n<p>Pour les util\u00adisa\u00adteurs et util\u00adisatri\u00adces qui s\u2019inscrivent sur notre site (si cela est pos\u00adsi\u00adble), nous stock\u00adons \u00e9gale\u00adment les don\u00adn\u00e9es per\u00adson\u00adnelles indiqu\u00e9es dans leur pro\u00adfil. Tous les util\u00adisa\u00adteurs et util\u00adisatri\u00adces peu\u00advent voir, mod\u00adi\u00adfi\u00ader ou sup\u00adprimer leurs infor\u00adma\u00adtions per\u00adson\u00adnelles \u00e0 tout moment (\u00e0 l\u2019exception de leur nom d\u2019utilisateur\u00b7ice). Les ges\u00adtion\u00adnaires du site peu\u00advent aus\u00adsi voir et mod\u00adi\u00adfi\u00ader ces informations.<\/p>\n\n\n\n<h2>Les droits que vous avez sur vos donn\u00e9es<\/h2>\n\n\n\n<p>Si vous avez un compte ou si vous avez lais\u00ads\u00e9 des com\u00admen\u00adtaires sur le site, vous pou\u00advez deman\u00adder \u00e0 recevoir un fichi\u00ader con\u00adtenant toutes les don\u00adn\u00e9es per\u00adson\u00adnelles que nous pos\u00ads\u00e9\u00addons \u00e0 votre sujet, inclu\u00adant celles que vous nous avez fournies. Vous pou\u00advez \u00e9gale\u00adment deman\u00adder la sup\u00adpres\u00adsion des don\u00adn\u00e9es per\u00adson\u00adnelles vous con\u00adcer\u00adnant. Cela ne prend pas en compte les don\u00adn\u00e9es stock\u00ad\u00e9es \u00e0 des fins admin\u00adis\u00adtra\u00adtives, l\u00e9gales ou pour des raisons de s\u00e9curit\u00e9.<\/p>\n\n\n\n<h2>Transmission de vos donn\u00e9es personnelles<\/h2>\n\n\n\n<p>Les com\u00admen\u00adtaires des vis\u00adi\u00adteurs peu\u00advent \u00eatre v\u00e9ri\u00adfi\u00e9s \u00e0 l\u2019aide d\u2019un ser\u00advice automa\u00adtis\u00e9 de d\u00e9tec\u00adtion des com\u00admen\u00adtaires ind\u00e9sirables.<\/p>\n\n\n\n<h2>Informations de contact<\/h2>\n\n\n\n<h2>Informations suppl\u00e9mentaires<\/h2>\n\n\n\n<h3>Comment nous prot\u00e9geons vos donn\u00e9es<\/h3>\n\n\n\n<h3>Proc\u00e9dures mises en \u0153uvre en cas de fuite de donn\u00e9es<\/h3>\n\n\n\n<h3>Les services tiers qui nous transmettent des donn\u00e9es<\/h3>\n\n\n\n<h3>Op\u00e9rations de marketing automatis\u00e9 et\/ou de profilage r\u00e9alis\u00e9es \u00e0 l\u2019aide des donn\u00e9es personnelles<\/h3>\n\n\n\n<h3>Affichage des informations li\u00e9es aux secteurs soumis \u00e0 des r\u00e9gulations sp\u00e9cifiques<\/h3>\n","protected":false},"excerpt":{"rendered":"<p>Qui sommes-nous&nbsp;? L\u2019adresse de notre site Web est&nbsp;: http:\/\/base-loisirs-dathee.com. Util\u00adi\u00adsa\u00adtion des don\u00adn\u00e9es per\u00adson\u00adnelles col\u00adlec\u00adt\u00e9es Commentaires&nbsp;\u2026<\/p>\n","protected":false},"author":1,"featured_media":0,"parent":0,"menu_order":0,"comment_status":"closed","ping_status":"open","template":"","meta":{"wp_typography_post_enhancements_disabled":false,"spay_email":""},"_links":{"self":[{"href":"https:\/\/base-loisirs-dathee.com\/index.php\/wp-json\/wp\/v2\/pages\/3"}],"collection":[{"href":"https:\/\/base-loisirs-dathee.com\/index.php\/wp-json\/wp\/v2\/pages"}],"about":[{"href":"https:\/\/base-loisirs-dathee.com\/index.php\/wp-json\/wp\/v2\/types\/page"}],"author":[{"embeddable":true,"href":"https:\/\/base-loisirs-dathee.com\/index.php\/wp-json\/wp\/v2\/users\/1"}],"replies":[{"embeddable":true,"href":"https:\/\/base-loisirs-dathee.com\/index.php\/wp-json\/wp\/v2\/comments?post=3"}],"version-history":[{"count":1,"href":"https:\/\/base-loisirs-dathee.com\/index.php\/wp-json\/wp\/v2\/pages\/3\/revisions"}],"predecessor-version":[{"id":223,"href":"https:\/\/base-loisirs-dathee.com\/index.php\/wp-json\/wp\/v2\/pages\/3\/revisions\/223"}],"wp:attachment":[{"href":"https:\/\/base-loisirs-dathee.com\/index.php\/wp-json\/wp\/v2\/media?parent=3"}],"curies":[{"name":"wp","href":"https:\/\/api.w.org\/{rel}","templated":true}]}}