{"id":307,"date":"2022-02-07T15:30:54","date_gmt":"2022-02-07T14:30:54","guid":{"rendered":"http:\/\/base-loisirs-dathee.com\/?page_id=307"},"modified":"2025-12-15T16:11:14","modified_gmt":"2025-12-15T15:11:14","slug":"activitesencadrees","status":"publish","type":"page","link":"https:\/\/base-loisirs-dathee.com\/index.php\/activitesencadrees\/","title":{"rendered":"Activit\u00e9s encadr\u00e9es"},"content":{"rendered":"<p style=\"text-align: left;\"><span style=\"color: #008080;\">La MJC et la Base de Loisirs vous pro\u00adposent, sur les p\u00e9ri\u00adodes de petites et de grandes vacances, dif\u00adf\u00e9rents types de stages et de s\u00e9jours avec ou sans h\u00e9berge\u00adments pour les jeunes et les moins jeunes, encadr\u00e9s par une \u00e9quipe d\u2019\u00e9\u00add\u00adu\u00adca\u00adteurs sportifs dipl\u00f4m\u00e9s.<\/span><\/p>\n<p style=\"text-align: left;\">Infor\u00adma\u00adtions \u00e0 venir prochaine\u00adment, n\u2019h\u00e9sitez pas \u00e0 con\u00adtac\u00adter la base de loisirs pour tous ren\u00adseigne\u00adments (02.31.66.01.58 ou 07.68.30.64.89)<\/p>\n<p style=\"text-align: left;\"><em>Retrou\u00advez ci-dessous les dif\u00adf\u00e9rentes activ\u00adit\u00e9s pro\u00adpos\u00e9es (nau\u00adtiques, ter\u00adrestres et nature).<\/em><\/p>\n<p style=\"text-align: center;\"><\/p><div style=\"text-align: center; width:480px; margin: 12px auto;\"><div style=\"margin: 4px 0px;\"><a href=\"http:\/\/calameo.com\/books\/007030160bf6ccc9ee366\">View this pub\u00adli\u00adca\u00adtion on Calam\u00e9o<\/a><\/div><iframe src=\"\/\/v.calameo.com\/?bkcode=007030160bf6ccc9ee366&amp;language=fr&amp;page=&amp;showsharemenu=true&amp;clickTo=public&amp;clickTarget=_self&amp;clickToUrl=&amp;autoFlip=0&amp;mode=mini&amp;wmode=transparent\" width=\"480\" height=\"300\" style=\"width:480px;height:300px\" frameborder=\"0\" scrolling=\"no\" allowtransparency allowfullscreen><\/iframe><div style=\"margin: 4px 0px; font-size: 90%;\"><a rel=\"nofollow\" href=\"http:\/\/calameo.com\/upload\">Pub\u00adlish<\/a> at <a href=\"http:\/\/calameo.com\">Calam\u00e9o<\/a> or <a href=\"http:\/\/calameo.com\/browse\/weekly\/?o=7&amp;w=DESC\">browse<\/a> the library.<\/div><\/div>\n","protected":false},"excerpt":{"rendered":"<p>La MJC et la Base de Loisirs vous pro\u00adposent, sur les p\u00e9ri\u00adodes de petites et&nbsp;\u2026<\/p>\n","protected":false},"author":1,"featured_media":0,"parent":0,"menu_order":0,"comment_status":"closed","ping_status":"closed","template":"","meta":{"wp_typography_post_enhancements_disabled":false,"spay_email":""},"_links":{"self":[{"href":"https:\/\/base-loisirs-dathee.com\/index.php\/wp-json\/wp\/v2\/pages\/307"}],"collection":[{"href":"https:\/\/base-loisirs-dathee.com\/index.php\/wp-json\/wp\/v2\/pages"}],"about":[{"href":"https:\/\/base-loisirs-dathee.com\/index.php\/wp-json\/wp\/v2\/types\/page"}],"author":[{"embeddable":true,"href":"https:\/\/base-loisirs-dathee.com\/index.php\/wp-json\/wp\/v2\/users\/1"}],"replies":[{"embeddable":true,"href":"https:\/\/base-loisirs-dathee.com\/index.php\/wp-json\/wp\/v2\/comments?post=307"}],"version-history":[{"count":16,"href":"https:\/\/base-loisirs-dathee.com\/index.php\/wp-json\/wp\/v2\/pages\/307\/revisions"}],"predecessor-version":[{"id":851,"href":"https:\/\/base-loisirs-dathee.com\/index.php\/wp-json\/wp\/v2\/pages\/307\/revisions\/851"}],"wp:attachment":[{"href":"https:\/\/base-loisirs-dathee.com\/index.php\/wp-json\/wp\/v2\/media?parent=307"}],"curies":[{"name":"wp","href":"https:\/\/api.w.org\/{rel}","templated":true}]}}