{"id":429,"date":"2022-02-09T11:28:00","date_gmt":"2022-02-09T10:28:00","guid":{"rendered":"http:\/\/base-loisirs-dathee.com\/?page_id=429"},"modified":"2022-02-09T11:28:00","modified_gmt":"2022-02-09T10:28:00","slug":"randonnee","status":"publish","type":"page","link":"https:\/\/base-loisirs-dathee.com\/index.php\/randonnee\/","title":{"rendered":"Randonn\u00e9e"},"content":{"rendered":"<p>Tous les<strong> jeud\u00adis<\/strong> matins \u00e0 par\u00adtir de 09h30, la MJC pro\u00adpose une ran\u00addon\u00adn\u00e9e sur les chemins du Bocage Normand.<br>\nVous pou\u00advez \u00e9gale\u00adment pro\u00adpos\u00ader vos pro\u00adpres ran\u00addon\u00adn\u00e9es \u00e0 l\u2019ensem\u00adble des participants.<\/p>\n<p>Inscrip\u00adtions et infor\u00adma\u00adtions aupr\u00e8s du secr\u00e9\u00adtari\u00adat de la MJC Vire Nor\u00admandie au d\u00e9but de chaque semaine.<br>\nAdh\u00e9\u00adsion \u00e0 la MJC oblig\u00ada\u00adtoire (tar\u00adifs ci-contre)<\/p>\n<p>Le <strong>dimanche<\/strong> une fois par mois (le matin, l\u2019apr\u00e8s-midi ou \u00e0 la journ\u00e9e)<br>\nInfor\u00adma\u00adtions aupr\u00e8s du secr\u00e9\u00adtari\u00adat de la MJC Vire Nor\u00admandie ou sur l\u2019<a href=\"http:\/\/www.mjc-vire.org\/%c3%a9v%c3%a8nements\/mois\/\" target=\"_blank\" rel=\"noopener\">agen\u00adda&nbsp;MJC<\/a><br>\nAdh\u00e9\u00adsion \u00e0 la MJC oblig\u00ada\u00adtoire (tar\u00adifs ci-contre)<\/p>\n","protected":false},"excerpt":{"rendered":"<p>Tous les jeud\u00adis matins \u00e0 par\u00adtir de 09h30, la MJC pro\u00adpose une ran\u00addon\u00adn\u00e9e sur&nbsp;les&nbsp;\u2026<\/p>\n","protected":false},"author":1,"featured_media":0,"parent":0,"menu_order":0,"comment_status":"closed","ping_status":"closed","template":"","meta":{"wp_typography_post_enhancements_disabled":false,"spay_email":""},"_links":{"self":[{"href":"https:\/\/base-loisirs-dathee.com\/index.php\/wp-json\/wp\/v2\/pages\/429"}],"collection":[{"href":"https:\/\/base-loisirs-dathee.com\/index.php\/wp-json\/wp\/v2\/pages"}],"about":[{"href":"https:\/\/base-loisirs-dathee.com\/index.php\/wp-json\/wp\/v2\/types\/page"}],"author":[{"embeddable":true,"href":"https:\/\/base-loisirs-dathee.com\/index.php\/wp-json\/wp\/v2\/users\/1"}],"replies":[{"embeddable":true,"href":"https:\/\/base-loisirs-dathee.com\/index.php\/wp-json\/wp\/v2\/comments?post=429"}],"version-history":[{"count":1,"href":"https:\/\/base-loisirs-dathee.com\/index.php\/wp-json\/wp\/v2\/pages\/429\/revisions"}],"predecessor-version":[{"id":430,"href":"https:\/\/base-loisirs-dathee.com\/index.php\/wp-json\/wp\/v2\/pages\/429\/revisions\/430"}],"wp:attachment":[{"href":"https:\/\/base-loisirs-dathee.com\/index.php\/wp-json\/wp\/v2\/media?parent=429"}],"curies":[{"name":"wp","href":"https:\/\/api.w.org\/{rel}","templated":true}]}}