{"id":775,"date":"2025-04-10T16:15:32","date_gmt":"2025-04-10T14:15:32","guid":{"rendered":"https:\/\/base-loisirs-dathee.com\/?page_id=775"},"modified":"2025-04-10T17:26:38","modified_gmt":"2025-04-10T15:26:38","slug":"station-sport-nature","status":"publish","type":"page","link":"https:\/\/base-loisirs-dathee.com\/index.php\/station-sport-nature\/","title":{"rendered":"Station sport nature"},"content":{"rendered":"<table style=\"border-collapse: collapse; width: 100%;\">\n<tbody>\n<tr>\n<td style=\"width: 66.0785%;\"><img loading=\"lazy\" class=\" wp-image-789 aligncenter\" src=\"https:\/\/base-loisirs-dathee.com\/wp-content\/uploads\/2025\/04\/2023-Sacha-Soffer-Calvados-Attractivite-Dathee-21-300x169.jpg\" alt width=\"606\" height=\"342\" srcset=\"https:\/\/base-loisirs-dathee.com\/wp-content\/uploads\/2025\/04\/2023-Sacha-Soffer-Calvados-Attractivite-Dathee-21-300x169.jpg 300w, https:\/\/base-loisirs-dathee.com\/wp-content\/uploads\/2025\/04\/2023-Sacha-Soffer-Calvados-Attractivite-Dathee-21-768x432.jpg 768w, https:\/\/base-loisirs-dathee.com\/wp-content\/uploads\/2025\/04\/2023-Sacha-Soffer-Calvados-Attractivite-Dathee-21-2048x1151.jpg 2048w, https:\/\/base-loisirs-dathee.com\/wp-content\/uploads\/2025\/04\/2023-Sacha-Soffer-Calvados-Attractivite-Dathee-21-427x240.jpg 427w\" sizes=\"(max-width: 606px) 100vw, 606px\"><\/td>\n<td style=\"width: 33.9215%;\">&nbsp;\n<p>&nbsp;<\/p>\n<p>&nbsp;<\/p>\n<p>&nbsp;<\/p>\n<p><img loading=\"lazy\" class=\"alignnone wp-image-790\" src=\"https:\/\/base-loisirs-dathee.com\/wp-content\/uploads\/2025\/04\/Logo_SSN_Std_Long_Quadri-1-300x129.png\" alt width=\"419\" height=\"180\" srcset=\"https:\/\/base-loisirs-dathee.com\/wp-content\/uploads\/2025\/04\/Logo_SSN_Std_Long_Quadri-1-300x129.png 300w, https:\/\/base-loisirs-dathee.com\/wp-content\/uploads\/2025\/04\/Logo_SSN_Std_Long_Quadri-1-1024x439.png 1024w, https:\/\/base-loisirs-dathee.com\/wp-content\/uploads\/2025\/04\/Logo_SSN_Std_Long_Quadri-1-768x329.png 768w, https:\/\/base-loisirs-dathee.com\/wp-content\/uploads\/2025\/04\/Logo_SSN_Std_Long_Quadri-1-1536x658.png 1536w, https:\/\/base-loisirs-dathee.com\/wp-content\/uploads\/2025\/04\/Logo_SSN_Std_Long_Quadri-1-467x200.png 467w, https:\/\/base-loisirs-dathee.com\/wp-content\/uploads\/2025\/04\/Logo_SSN_Std_Long_Quadri-1.png 1654w\" sizes=\"(max-width: 419px) 100vw, 419px\"><\/p><\/td>\n<\/tr>\n<\/tbody>\n<\/table>\n<p class=\"lh-sm mb-2\">Situ\u00e9e sur le ter\u00adri\u00adtoire de Vire Nor\u00admandie et de Noues de Sienne, La Sta\u00adtion Sport Nature- Lacs et For\u00eat vous accueille dans un cadre naturel et per\u00admet de d\u00e9cou\u00advrir la For\u00eat de Saint Sev\u00ader, le Lac du Gast et le Lac de la Dath\u00e9e.<\/p>\n<p class=\"lh-sm mb-2\">De nom\u00adbreuses activ\u00adit\u00e9s sportives, dans les airs (Accro\u00adbranch\u00ades), sur terre (\u00e9qui\u00adtation, golf, VTT, tir \u00e0 l\u2019arc\u2026), ou sur l\u2019eau (Kayak, pad\u00addle, p\u00e9da\u00adlos, voile\u2026), vous sont aus\u00adsi pro\u00adpos\u00e9es sur place par les dif\u00adf\u00e9rents parte\u00adnaires. Sans oubli\u00ader les nom\u00adbreuses activ\u00adit\u00e9s de nature et de d\u00e9cou\u00adverte de la faune et la flo\u00adre avec notam\u00adment de mul\u00adti\u00adples chemins de ran\u00addon\u00adn\u00e9e et des zones ornithologiques avec obser\u00adva\u00adtoire \u00e0 oiseau.<\/p>\n<p class=\"lh-sm\">Seul, en famille ou entre amis \u2013 pour tous les \u00e2ges en fonc\u00adtion de ses envies, n\u2019h\u00e9sitez pas \u00e0 venir d\u00e9cou\u00advrir ce mag\u00adnifique \u00e9crin de nature au c\u0153ur du bocage.<\/p>\n<p>Retrou\u00advez toutes les infor\u00adma\u00adtions sur le site inter\u00adnet :&nbsp;<a href=\"https:\/\/sportnature-lacsetforet14.fr\/\">https:\/\/sportnature-lacsetforet14.fr\/<\/a><\/p>\n<p><img loading=\"lazy\" class=\"alignnone wp-image-781\" src=\"https:\/\/base-loisirs-dathee.com\/wp-content\/uploads\/2025\/04\/Capture-decran_10-4-2025_16206_sportnature-lacsetforet14.fr_-300x40.jpeg\" alt width=\"698\" height=\"93\" srcset=\"https:\/\/base-loisirs-dathee.com\/wp-content\/uploads\/2025\/04\/Capture-decran_10-4-2025_16206_sportnature-lacsetforet14.fr_-300x40.jpeg 300w, https:\/\/base-loisirs-dathee.com\/wp-content\/uploads\/2025\/04\/Capture-decran_10-4-2025_16206_sportnature-lacsetforet14.fr_-1024x135.jpeg 1024w, https:\/\/base-loisirs-dathee.com\/wp-content\/uploads\/2025\/04\/Capture-decran_10-4-2025_16206_sportnature-lacsetforet14.fr_-768x101.jpeg 768w, https:\/\/base-loisirs-dathee.com\/wp-content\/uploads\/2025\/04\/Capture-decran_10-4-2025_16206_sportnature-lacsetforet14.fr_-467x62.jpeg 467w, https:\/\/base-loisirs-dathee.com\/wp-content\/uploads\/2025\/04\/Capture-decran_10-4-2025_16206_sportnature-lacsetforet14.fr_.jpeg 1154w\" sizes=\"(max-width: 698px) 100vw, 698px\"><\/p>\n","protected":false},"excerpt":{"rendered":"<p>&nbsp; &nbsp; &nbsp; &nbsp; Situ\u00e9e sur le ter\u00adri\u00adtoire de Vire Nor\u00admandie et de Noues&nbsp;de&nbsp;\u2026<\/p>\n","protected":false},"author":1,"featured_media":0,"parent":0,"menu_order":0,"comment_status":"closed","ping_status":"closed","template":"","meta":{"wp_typography_post_enhancements_disabled":false,"spay_email":""},"_links":{"self":[{"href":"https:\/\/base-loisirs-dathee.com\/index.php\/wp-json\/wp\/v2\/pages\/775"}],"collection":[{"href":"https:\/\/base-loisirs-dathee.com\/index.php\/wp-json\/wp\/v2\/pages"}],"about":[{"href":"https:\/\/base-loisirs-dathee.com\/index.php\/wp-json\/wp\/v2\/types\/page"}],"author":[{"embeddable":true,"href":"https:\/\/base-loisirs-dathee.com\/index.php\/wp-json\/wp\/v2\/users\/1"}],"replies":[{"embeddable":true,"href":"https:\/\/base-loisirs-dathee.com\/index.php\/wp-json\/wp\/v2\/comments?post=775"}],"version-history":[{"count":5,"href":"https:\/\/base-loisirs-dathee.com\/index.php\/wp-json\/wp\/v2\/pages\/775\/revisions"}],"predecessor-version":[{"id":792,"href":"https:\/\/base-loisirs-dathee.com\/index.php\/wp-json\/wp\/v2\/pages\/775\/revisions\/792"}],"wp:attachment":[{"href":"https:\/\/base-loisirs-dathee.com\/index.php\/wp-json\/wp\/v2\/media?parent=775"}],"curies":[{"name":"wp","href":"https:\/\/api.w.org\/{rel}","templated":true}]}}